{"id":618,"date":"2016-10-31T09:14:37","date_gmt":"2016-10-31T08:14:37","guid":{"rendered":"http:\/\/msc-westerkappeln.de\/?page_id=618"},"modified":"2025-03-29T09:17:37","modified_gmt":"2025-03-29T08:17:37","slug":"ue18","status":"publish","type":"page","link":"https:\/\/msc-westerkappeln.de\/index.php\/kartsport\/ue18\/","title":{"rendered":"Was machen wir au\u00dfer Kart-slalom fahren:"},"content":{"rendered":"\n<h1><strong data-start=\"54\" data-end=\"95\">Saisonauftakt 2025 \u2013 LaserTag Action!<\/strong><\/h1>\n<p><br data-start=\"95\" data-end=\"98\" \/>Am 22. Februar 2025 haben wir die neue Saison mit einem aufregenden LaserTag-Spiel und einem gemeinsamen Essen eingel\u00e4utet. Bevor die intensiven Trainings starten, wollten wir erstmal richtig Spa\u00df haben und uns auf die kommende Saison einstimmen!<\/p>\n\n\n\n<figure class=\"wp-block-gallery has-nested-images columns-default is-cropped wp-block-gallery-1 is-layout-flex wp-block-gallery-is-layout-flex\">\n<figure class=\"wp-block-image size-large\"><img loading=\"lazy\" decoding=\"async\" width=\"1024\" height=\"768\" data-id=\"1229\" src=\"https:\/\/msc-westerkappeln.de\/wp-content\/uploads\/2025\/03\/Laser-Tag-2025-1024x768.jpg\" alt=\"\" class=\"wp-image-1229\" srcset=\"https:\/\/msc-westerkappeln.de\/wp-content\/uploads\/2025\/03\/Laser-Tag-2025-1024x768.jpg 1024w, https:\/\/msc-westerkappeln.de\/wp-content\/uploads\/2025\/03\/Laser-Tag-2025-300x225.jpg 300w, https:\/\/msc-westerkappeln.de\/wp-content\/uploads\/2025\/03\/Laser-Tag-2025-768x576.jpg 768w, https:\/\/msc-westerkappeln.de\/wp-content\/uploads\/2025\/03\/Laser-Tag-2025-1536x1152.jpg 1536w, https:\/\/msc-westerkappeln.de\/wp-content\/uploads\/2025\/03\/Laser-Tag-2025.jpg 1600w\" sizes=\"(max-width: 1024px) 100vw, 1024px\" \/><\/figure>\n<\/figure>\n\n\n\n<ul>\n<li><\/li>\n<\/ul>\n\n\n\n<h1>2024<\/h1>\n\n\n\n<ul>\n<li><strong><u>24.02.2024 Reglement Workshop<\/u><\/strong><\/li>\n<\/ul>\n\n\n\n<div class=\"wp-block-media-text is-stacked-on-mobile\" style=\"grid-template-columns:47% auto\"><figure class=\"wp-block-media-text__media\"><img loading=\"lazy\" decoding=\"async\" width=\"1024\" height=\"682\" src=\"https:\/\/msc-westerkappeln.de\/wp-content\/uploads\/2024\/02\/WhatsApp-Bild-2024-02-25-um-13.22.35_6f7cb06e-1024x682.jpg\" alt=\"\" class=\"wp-image-1149 size-full\" srcset=\"https:\/\/msc-westerkappeln.de\/wp-content\/uploads\/2024\/02\/WhatsApp-Bild-2024-02-25-um-13.22.35_6f7cb06e-1024x682.jpg 1024w, https:\/\/msc-westerkappeln.de\/wp-content\/uploads\/2024\/02\/WhatsApp-Bild-2024-02-25-um-13.22.35_6f7cb06e-300x200.jpg 300w, https:\/\/msc-westerkappeln.de\/wp-content\/uploads\/2024\/02\/WhatsApp-Bild-2024-02-25-um-13.22.35_6f7cb06e-768x512.jpg 768w, https:\/\/msc-westerkappeln.de\/wp-content\/uploads\/2024\/02\/WhatsApp-Bild-2024-02-25-um-13.22.35_6f7cb06e-1536x1023.jpg 1536w, https:\/\/msc-westerkappeln.de\/wp-content\/uploads\/2024\/02\/WhatsApp-Bild-2024-02-25-um-13.22.35_6f7cb06e.jpg 1600w\" sizes=\"(max-width: 1024px) 100vw, 1024px\" \/><\/figure><div class=\"wp-block-media-text__content\">\n<p>Am 24.02.2024 fand ein Reglement Workshop f\u00fcr unsere Kartslalomfahrer statt.<\/p>\n\n\n\n<p>In diesem Reglement lernten die Fahrer die Regeln des ADAC Kartslaloms.<\/p>\n\n\n\n<p><a href=\"https:\/\/adac-westfalen-jugendsport.de\/formulare-downloads\/downloads\" data-type=\"link\" data-id=\"https:\/\/adac-westfalen-jugendsport.de\/formulare-downloads\/downloads\">https:\/\/adac-westfalen-jugendsport.de\/formulare-downloads\/downloads<\/a><br><br><\/p>\n<\/div><\/div>\n\n\n\n<p><em><strong><em><strong><u>09.03.2024<\/u><\/strong><\/em><\/strong><\/em> <em><strong><u>Der Toter Winkel <\/u><\/strong><\/em><br><br><br>Am 09.03.2024 ging unser Verein zur Toter Winkel Schulung bei der Firma Heinrich Koch GmbH und Co.KG<br>Die kleinen, sowohl die Gro\u00dfen haben mit gro\u00dfem Interesse an dieser Schulung Teilgenommen.<br><strong><em>Der Erfahrene Lkw Fahrer <strong><em>Carsten Fischer<\/em><\/strong>, der schon mehrere Million Km quer durch Europa gefahren ist, <\/em><\/strong> hat uns durch die Schulung mit Bravour gef\u00fchrt.<\/p>\n\n\n\n<div class=\"wp-block-media-text is-stacked-on-mobile is-vertically-aligned-top\" style=\"grid-template-columns:51% auto\"><figure class=\"wp-block-media-text__media\"><img loading=\"lazy\" decoding=\"async\" width=\"1024\" height=\"768\" src=\"https:\/\/msc-westerkappeln.de\/wp-content\/uploads\/2024\/03\/WhatsApp-Bild-2024-03-09-um-12.25.00_617929cf-3-1024x768.jpg\" alt=\"\" class=\"wp-image-1167 size-full\" srcset=\"https:\/\/msc-westerkappeln.de\/wp-content\/uploads\/2024\/03\/WhatsApp-Bild-2024-03-09-um-12.25.00_617929cf-3-1024x768.jpg 1024w, https:\/\/msc-westerkappeln.de\/wp-content\/uploads\/2024\/03\/WhatsApp-Bild-2024-03-09-um-12.25.00_617929cf-3-300x225.jpg 300w, https:\/\/msc-westerkappeln.de\/wp-content\/uploads\/2024\/03\/WhatsApp-Bild-2024-03-09-um-12.25.00_617929cf-3-768x576.jpg 768w, https:\/\/msc-westerkappeln.de\/wp-content\/uploads\/2024\/03\/WhatsApp-Bild-2024-03-09-um-12.25.00_617929cf-3-1536x1152.jpg 1536w, https:\/\/msc-westerkappeln.de\/wp-content\/uploads\/2024\/03\/WhatsApp-Bild-2024-03-09-um-12.25.00_617929cf-3.jpg 1600w\" sizes=\"(max-width: 1024px) 100vw, 1024px\" \/><\/figure><div class=\"wp-block-media-text__content\">\n<figure class=\"wp-block-image size-large is-resized\"><img loading=\"lazy\" decoding=\"async\" width=\"1024\" height=\"768\" src=\"https:\/\/msc-westerkappeln.de\/wp-content\/uploads\/2024\/03\/WhatsApp-Bild-2024-03-09-um-12.24.56_bd0392f4-3-1024x768.jpg\" alt=\"\" class=\"wp-image-1168\" style=\"width:393px;height:auto\" srcset=\"https:\/\/msc-westerkappeln.de\/wp-content\/uploads\/2024\/03\/WhatsApp-Bild-2024-03-09-um-12.24.56_bd0392f4-3-1024x768.jpg 1024w, https:\/\/msc-westerkappeln.de\/wp-content\/uploads\/2024\/03\/WhatsApp-Bild-2024-03-09-um-12.24.56_bd0392f4-3-300x225.jpg 300w, https:\/\/msc-westerkappeln.de\/wp-content\/uploads\/2024\/03\/WhatsApp-Bild-2024-03-09-um-12.24.56_bd0392f4-3-768x576.jpg 768w, https:\/\/msc-westerkappeln.de\/wp-content\/uploads\/2024\/03\/WhatsApp-Bild-2024-03-09-um-12.24.56_bd0392f4-3-1536x1152.jpg 1536w, https:\/\/msc-westerkappeln.de\/wp-content\/uploads\/2024\/03\/WhatsApp-Bild-2024-03-09-um-12.24.56_bd0392f4-3.jpg 1600w\" sizes=\"(max-width: 1024px) 100vw, 1024px\" \/><\/figure>\n<\/div><\/div>\n\n\n\n\n\n<div class=\"wp-block-media-text is-stacked-on-mobile\"><figure class=\"wp-block-media-text__media\"><img loading=\"lazy\" decoding=\"async\" width=\"768\" height=\"1024\" src=\"https:\/\/msc-westerkappeln.de\/wp-content\/uploads\/2024\/03\/WhatsApp-Bild-2024-03-09-um-13.02.10_a5575de9-768x1024.jpg\" alt=\"\" class=\"wp-image-1160 size-full\" srcset=\"https:\/\/msc-westerkappeln.de\/wp-content\/uploads\/2024\/03\/WhatsApp-Bild-2024-03-09-um-13.02.10_a5575de9-768x1024.jpg 768w, https:\/\/msc-westerkappeln.de\/wp-content\/uploads\/2024\/03\/WhatsApp-Bild-2024-03-09-um-13.02.10_a5575de9-225x300.jpg 225w, https:\/\/msc-westerkappeln.de\/wp-content\/uploads\/2024\/03\/WhatsApp-Bild-2024-03-09-um-13.02.10_a5575de9-1152x1536.jpg 1152w, https:\/\/msc-westerkappeln.de\/wp-content\/uploads\/2024\/03\/WhatsApp-Bild-2024-03-09-um-13.02.10_a5575de9.jpg 1200w\" sizes=\"(max-width: 768px) 100vw, 768px\" \/><\/figure><div class=\"wp-block-media-text__content\">\n<p>Unsere Anett beobachtete alles aus der Kabine und Carsten erz\u00e4hlte die Gefahren des Toten Winkels.<br><br><\/p>\n\n\n\n<p>Mit dem Begriff toter Winkel wird generell ein Raum bezeichnet, der trotz technischer Hilfsmittel (Spiegel oder Videokameras) von Personen, die diesen Raum beobachten wollen, nicht eingesehen werden kann.<br>Eine besondere Bedeutung hat der tote Winkel im&nbsp;Stra\u00dfenverkehr. <\/p>\n<\/div><\/div>\n\n\n\n<div class=\"wp-block-media-text is-stacked-on-mobile\"><figure class=\"wp-block-media-text__media\"><img loading=\"lazy\" decoding=\"async\" width=\"768\" height=\"1024\" src=\"https:\/\/msc-westerkappeln.de\/wp-content\/uploads\/2024\/03\/WhatsApp-Bild-2024-03-09-um-13.02.06_595c1abf-768x1024.jpg\" alt=\"\" class=\"wp-image-1164 size-full\" srcset=\"https:\/\/msc-westerkappeln.de\/wp-content\/uploads\/2024\/03\/WhatsApp-Bild-2024-03-09-um-13.02.06_595c1abf-768x1024.jpg 768w, https:\/\/msc-westerkappeln.de\/wp-content\/uploads\/2024\/03\/WhatsApp-Bild-2024-03-09-um-13.02.06_595c1abf-225x300.jpg 225w, https:\/\/msc-westerkappeln.de\/wp-content\/uploads\/2024\/03\/WhatsApp-Bild-2024-03-09-um-13.02.06_595c1abf-1152x1536.jpg 1152w, https:\/\/msc-westerkappeln.de\/wp-content\/uploads\/2024\/03\/WhatsApp-Bild-2024-03-09-um-13.02.06_595c1abf.jpg 1200w\" sizes=\"(max-width: 768px) 100vw, 768px\" \/><\/figure><div class=\"wp-block-media-text__content\">\n<p>Auch unsere Kleinsten Kartfahrer hatten die M\u00f6glichkeit gehabt sich in den Lkw reinzusetzen.<br>Unsere Clubmitglieder durften aus der Kabine den \u00dcberblick und die Perspektive des Sichtfelds des Lkw Fahrers erfahren.<br> <\/p>\n\n\n\n<p><\/p>\n<\/div><\/div>\n\n\n\n<div class=\"wp-block-media-text is-stacked-on-mobile\"><figure class=\"wp-block-media-text__media\"><img loading=\"lazy\" decoding=\"async\" width=\"1024\" height=\"768\" src=\"https:\/\/msc-westerkappeln.de\/wp-content\/uploads\/2024\/03\/h-1024x768.jpg\" alt=\"\" class=\"wp-image-1166 size-full\" srcset=\"https:\/\/msc-westerkappeln.de\/wp-content\/uploads\/2024\/03\/h-1024x768.jpg 1024w, https:\/\/msc-westerkappeln.de\/wp-content\/uploads\/2024\/03\/h-300x225.jpg 300w, https:\/\/msc-westerkappeln.de\/wp-content\/uploads\/2024\/03\/h-768x576.jpg 768w, https:\/\/msc-westerkappeln.de\/wp-content\/uploads\/2024\/03\/h-1536x1152.jpg 1536w, https:\/\/msc-westerkappeln.de\/wp-content\/uploads\/2024\/03\/h.jpg 1600w\" sizes=\"(max-width: 1024px) 100vw, 1024px\" \/><\/figure><div class=\"wp-block-media-text__content\">\n<p>Aus dieser Perspektive hat unser Club gelernt, dass <strong>aufhalten<\/strong> <strong>neben dem Lkw sehr Gef\u00e4hrlich werden kann<\/strong>.<br><\/p>\n<\/div><\/div>\n","protected":false},"excerpt":{"rendered":"<p>Saisonauftakt 2025 \u2013 LaserTag Action! Am 22. Februar 2025 haben wir die neue Saison mit einem aufregenden LaserTag-Spiel und einem gemeinsamen Essen eingel\u00e4utet. Bevor die intensiven Trainings starten, wollten wir erstmal richtig Spa\u00df haben und uns auf die kommende Saison einstimmen! 2024 Am 24.02.2024 fand ein Reglement Workshop f\u00fcr unsere Kartslalomfahrer statt. In diesem Reglement &hellip; <a href=\"https:\/\/msc-westerkappeln.de\/index.php\/kartsport\/ue18\/\" class=\"more-link\"><span class=\"screen-reader-text\">Was machen wir au\u00dfer Kart-slalom fahren:<\/span> weiterlesen <span class=\"meta-nav\">&rarr;<\/span><\/a><\/p>\n","protected":false},"author":1,"featured_media":0,"parent":224,"menu_order":0,"comment_status":"closed","ping_status":"closed","template":"","meta":{"footnotes":""},"_links":{"self":[{"href":"https:\/\/msc-westerkappeln.de\/index.php\/wp-json\/wp\/v2\/pages\/618"}],"collection":[{"href":"https:\/\/msc-westerkappeln.de\/index.php\/wp-json\/wp\/v2\/pages"}],"about":[{"href":"https:\/\/msc-westerkappeln.de\/index.php\/wp-json\/wp\/v2\/types\/page"}],"author":[{"embeddable":true,"href":"https:\/\/msc-westerkappeln.de\/index.php\/wp-json\/wp\/v2\/users\/1"}],"replies":[{"embeddable":true,"href":"https:\/\/msc-westerkappeln.de\/index.php\/wp-json\/wp\/v2\/comments?post=618"}],"version-history":[{"count":13,"href":"https:\/\/msc-westerkappeln.de\/index.php\/wp-json\/wp\/v2\/pages\/618\/revisions"}],"predecessor-version":[{"id":1273,"href":"https:\/\/msc-westerkappeln.de\/index.php\/wp-json\/wp\/v2\/pages\/618\/revisions\/1273"}],"up":[{"embeddable":true,"href":"https:\/\/msc-westerkappeln.de\/index.php\/wp-json\/wp\/v2\/pages\/224"}],"wp:attachment":[{"href":"https:\/\/msc-westerkappeln.de\/index.php\/wp-json\/wp\/v2\/media?parent=618"}],"curies":[{"name":"wp","href":"https:\/\/api.w.org\/{rel}","templated":true}]}}